{"id":155,"date":"2023-08-31T15:54:58","date_gmt":"2023-08-31T19:54:58","guid":{"rendered":"https:\/\/mtg.com.py\/?page_id=155"},"modified":"2023-09-01T15:09:49","modified_gmt":"2023-09-01T19:09:49","slug":"servicios","status":"publish","type":"page","link":"https:\/\/mtg.com.py\/index.php\/servicios\/","title":{"rendered":"Servicios"},"content":{"rendered":"<h1><strong>Servicios<\/strong><\/h1>\n<blockquote>\n<h1><a href=\"https:\/\/www.mtg.com.py\">Ventas de Insumos<\/a><\/h1>\n<\/blockquote>\n<p style=\"text-align: left;\">Venta de herramientas de corte para todo tipo de materiales para tornos, frezas o CNC.<\/p>\n<blockquote>\n<h1><a href=\"https:\/\/www.soldamaq.com.py\">Materiales para Soldaduras<\/a><\/h1>\n<\/blockquote>\n<p>Contamos con todas las herramientas para soldaduras industriales para todas las exigencias.<\/p>\n<blockquote>\n<h1><a href=\"https:\/\/www.guenamet.com.py\">Metal\u00fargica en General<\/a><\/h1>\n<\/blockquote>\n<p>Todo tipo de trabajos de metal\u00fargica, con la satisfacci\u00f3n de cumplir con todos las exigencias del mercado.<\/p>\n","protected":false},"excerpt":{"rendered":"<p>Servicios Ventas de Insumos Venta de herramientas de corte para todo tipo de materiales para tornos, frezas o CNC. Materiales para Soldaduras Contamos con todas las herramientas para soldaduras industriales para todas las exigencias. Metal\u00fargica en General Todo tipo de trabajos de metal\u00fargica, con la satisfacci\u00f3n de cumplir con todos las exigencias del mercado.<\/p>\n","protected":false},"author":1,"featured_media":0,"parent":0,"menu_order":3,"comment_status":"closed","ping_status":"closed","template":"templates\/template-page-full-width.php","meta":{"footnotes":""},"class_list":["post-155","page","type-page","status-publish","hentry"],"_links":{"self":[{"href":"https:\/\/mtg.com.py\/index.php\/wp-json\/wp\/v2\/pages\/155","targetHints":{"allow":["GET"]}}],"collection":[{"href":"https:\/\/mtg.com.py\/index.php\/wp-json\/wp\/v2\/pages"}],"about":[{"href":"https:\/\/mtg.com.py\/index.php\/wp-json\/wp\/v2\/types\/page"}],"author":[{"embeddable":true,"href":"https:\/\/mtg.com.py\/index.php\/wp-json\/wp\/v2\/users\/1"}],"replies":[{"embeddable":true,"href":"https:\/\/mtg.com.py\/index.php\/wp-json\/wp\/v2\/comments?post=155"}],"version-history":[{"count":5,"href":"https:\/\/mtg.com.py\/index.php\/wp-json\/wp\/v2\/pages\/155\/revisions"}],"predecessor-version":[{"id":191,"href":"https:\/\/mtg.com.py\/index.php\/wp-json\/wp\/v2\/pages\/155\/revisions\/191"}],"wp:attachment":[{"href":"https:\/\/mtg.com.py\/index.php\/wp-json\/wp\/v2\/media?parent=155"}],"curies":[{"name":"wp","href":"https:\/\/api.w.org\/{rel}","templated":true}]}}