{"id":128,"date":"2023-08-31T18:27:00","date_gmt":"2023-08-31T22:27:00","guid":{"rendered":"https:\/\/mtg.com.py\/?page_id=128"},"modified":"2023-08-31T16:05:09","modified_gmt":"2023-08-31T20:05:09","slug":"home","status":"publish","type":"page","link":"https:\/\/mtg.com.py\/index.php\/home\/","title":{"rendered":"Home"},"content":{"rendered":"<h5 class=\"post-title\"><a href=\"https:\/\/mtg.com.py\/index.php\/2023\/08\/29\/hello-world\/?customize_changeset_uuid=5dc53754-bd5f-4fe9-87d0-079291aff461&amp;customize_messenger_channel=preview-0\" rel=\"bookmark\">Metal\u00fargica y Taller Gue\u00f1a<\/a><\/h5>\n<div class=\"post-footer\">\n<ul>\n<li>Mantenimientos Industriales en Paraguay.<\/li>\n<li>Fabricaciones de Piezas.<\/li>\n<li>Dise\u00f1os de Piezas industriales.<\/li>\n<li>Frezados.<\/li>\n<li>Tecnolog\u00eda aplicada en los dise\u00f1os para CNC.<\/li>\n<li>Dise\u00f1os y fabricacion de Moldes<\/li>\n<\/ul>\n<\/div>\n","protected":false},"excerpt":{"rendered":"<p>Metal\u00fargica y Taller Gue\u00f1a Mantenimientos Industriales en Paraguay. Fabricaciones de Piezas. Dise\u00f1os de Piezas industriales. Frezados. Tecnolog\u00eda aplicada en los dise\u00f1os para CNC. Dise\u00f1os y fabricacion de Moldes<\/p>\n","protected":false},"author":1,"featured_media":0,"parent":0,"menu_order":0,"comment_status":"closed","ping_status":"closed","template":"","meta":{"footnotes":""},"class_list":["post-128","page","type-page","status-publish","hentry"],"_links":{"self":[{"href":"https:\/\/mtg.com.py\/index.php\/wp-json\/wp\/v2\/pages\/128","targetHints":{"allow":["GET"]}}],"collection":[{"href":"https:\/\/mtg.com.py\/index.php\/wp-json\/wp\/v2\/pages"}],"about":[{"href":"https:\/\/mtg.com.py\/index.php\/wp-json\/wp\/v2\/types\/page"}],"author":[{"embeddable":true,"href":"https:\/\/mtg.com.py\/index.php\/wp-json\/wp\/v2\/users\/1"}],"replies":[{"embeddable":true,"href":"https:\/\/mtg.com.py\/index.php\/wp-json\/wp\/v2\/comments?post=128"}],"version-history":[{"count":1,"href":"https:\/\/mtg.com.py\/index.php\/wp-json\/wp\/v2\/pages\/128\/revisions"}],"predecessor-version":[{"id":159,"href":"https:\/\/mtg.com.py\/index.php\/wp-json\/wp\/v2\/pages\/128\/revisions\/159"}],"wp:attachment":[{"href":"https:\/\/mtg.com.py\/index.php\/wp-json\/wp\/v2\/media?parent=128"}],"curies":[{"name":"wp","href":"https:\/\/api.w.org\/{rel}","templated":true}]}}